{"id":644,"date":"2024-12-04T12:38:08","date_gmt":"2024-12-04T11:38:08","guid":{"rendered":"https:\/\/enapol.com\/xii\/argumento\/"},"modified":"2025-02-25T01:21:12","modified_gmt":"2025-02-25T00:21:12","slug":"argumento","status":"publish","type":"page","link":"https:\/\/enapol.com\/xii\/epistemico\/argumento\/","title":{"rendered":"Argumento e eixos"},"content":{"rendered":"<div class=\"wpb-content-wrapper\">[vc_row][vc_column][vc_column_text css=&#8221;&#8221;]\n<h3><span style=\"color: #ff0000;\"><strong>ARGUMENTO<\/strong><\/span><\/h3>\n<h3><span style=\"color: #ff0000;\">Falar com a Crian\u00e7a!<\/span><\/h3>\n<p><strong>\u00a0<\/strong>(\u2026) \u201c<em>Que pensez-vous de parler avec l\u2019enfant<\/em>?&#8221; me pergunta sorrindo J-A. Miller. Falar com a crian\u00e7a? Foi ao tomar a pergunta em sua equivocidade que uma alegria invadiu o espa\u00e7o ao ler com os ouvidos o que salta aos olhos! \u00c9 isso!!! Sim!!! Est\u00e1 a\u00ed a boa f\u00f3rmula!<\/p>\n<p>Vamos \u201cFalar com a crian\u00e7a\u201d, porque n\u00e3o se faz outra coisa numa an\u00e1lise do que fazer falar a crian\u00e7a: a crian\u00e7a das lembran\u00e7as encobridoras, dos sonhos, do trauma, dos ensaios com a sexualidade, das frases marcantes que gritam pela vida afora como um murm\u00fario. Onde quer que se instale o discurso anal\u00edtico, encontraremos a crian\u00e7a como seu agente. Quando, de repente, realiza-se o fato de sua presen\u00e7a (presen\u00e7a esvaziada enquanto ess\u00eancia), surge o objeto em sua ex-sist\u00eancia como causa inspiradora l\u00e1 onde nada h\u00e1. (\u2026)<\/p>\n<a href=\"https:\/\/enapol.com\/xii\/argumento\/\" class=\"vcex-button theme-button flat black small align-left inline\" title=\"Visit Site\" rel=\"none\"><span class=\"vcex-button-inner theme-button-inner wpex-flex wpex-flex-wrap wpex-items-center wpex-justify-center\">Leia mais<\/span><\/a> \n<hr \/>\n<h3><strong>\u00a0<\/strong><span style=\"color: #ff0000;\"><strong>EIXOS TEM\u00c1TICOS<\/strong><\/span><\/h3>\n<p><span style=\"color: #ff0000;\"><strong>\u00a0<\/strong><strong>EIXO 1<\/strong><\/span><\/p>\n<p><span style=\"color: #ff0000;\"><strong>Falar de &#8220;isso de que n\u00e3o se pode falar\u201d<a style=\"color: #ff0000;\" href=\"#_ftn1\" name=\"_ftnref1\">[1]<\/a><\/strong><\/span><\/p>\n<p><strong>\u00a0<\/strong>Uma experi\u00eancia anal\u00edtica orientada pelo singular tenta captar palavras ou frases escutadas na inf\u00e2ncia, sem sentido, proferidas pelo Outro. <em>Lal\u00edngua<\/em> afeta o corpo. O sujeito experimenta um excesso inomin\u00e1vel que resta enigm\u00e1tico. Esse encontro com o real produz um <em>troumatismo<\/em> e deixa suas marcas significantes, assim como a fixa\u00e7\u00e3o em um gozo imposs\u00edvel de dizer que comandar\u00e1 a repeti\u00e7\u00e3o.<\/p>\n<a href=\"https:\/\/enapol.com\/xii\/eje-1-hablar-de-eso-de-lo-que-no-se-puede-hablar1\/\" class=\"vcex-button theme-button flat black small align-left inline\" title=\"Visit Site\" rel=\"none\"><span class=\"vcex-button-inner theme-button-inner wpex-flex wpex-flex-wrap wpex-items-center wpex-justify-center\">Leia mais<\/span><\/a> \n<hr \/>\n<p><span style=\"color: #ff0000;\"><strong>EIXO 2<\/strong><\/span><\/p>\n<p><span style=\"color: #ff0000;\"><strong>Falar &#8230; &#8220;testemunhar da melhor maneira poss\u00edvel sobre a verdade mentirosa\u201d<a style=\"color: #ff0000;\" href=\"#_ftn2\" name=\"_ftnref2\">[2]<\/a> <\/strong><\/span><\/p>\n<p>O falar com a crian\u00e7a na experi\u00eancia anal\u00edtica remete ao que no <em>falasser<\/em> est\u00e1 escrito como resposta do real e como desde a\u00ed as respostas aparecem na cl\u00ednica: as teorias sexuais infantis, as lembran\u00e7as encobridoras, as mentiras e seus equ\u00edvocos da l\u00edngua, os sonhos, os del\u00edrios, as fobias, a raiz aditiva do sintoma e tudo mais que o <em>falasser<\/em> inventa para lidar com o acontecimento de sua exist\u00eancia.<\/p>\n<a href=\"https:\/\/enapol.com\/xii\/eje-2-hablar-testimoniar-de-la-mejor-manera-posible-sobre-la-verdad-mentirosa2\/\" class=\"vcex-button theme-button flat black small align-left inline\" title=\"Visit Site\" rel=\"none\"><span class=\"vcex-button-inner theme-button-inner wpex-flex wpex-flex-wrap wpex-items-center wpex-justify-center\">Leia mais<\/span><\/a> \n<hr \/>\n<p><span style=\"color: #ff0000;\"><strong>EIXO 3<\/strong><\/span><\/p>\n<p><span style=\"color: #ff0000;\"><strong>Falar com a crian\u00e7a sob transfer\u00eancia<\/strong><\/span><\/p>\n<p><strong>\u00a0<\/strong>Falar em an\u00e1lise \u00e9 uma experi\u00eancia. Cada analisante, seja qual for a idade, a seu modo e a partir de seus sofrimentos, contar\u00e1 uma hist\u00f3ria. N\u00e3o se trata apenas da hist\u00f3ria sugerida pelos sujeitos, mas do que se escuta a partir do destino dos objetos nesses relatos, que incluem o pr\u00f3prio sujeito como objeto.<\/p>\n<a href=\"https:\/\/enapol.com\/xii\/eje-3-hablar-con-el-nino-bajo-transferencia\/\" class=\"vcex-button theme-button flat black small align-left inline\" title=\"Visit Site\" rel=\"none\"><span class=\"vcex-button-inner theme-button-inner wpex-flex wpex-flex-wrap wpex-items-center wpex-justify-center\">Leia mais<\/span><\/a> \n<hr \/>\n<p><span style=\"color: #ff0000;\"><strong>EIXO 4 <\/strong><\/span><\/p>\n<p><span style=\"color: #ff0000;\"><strong>O que fala a psican\u00e1lise da crian\u00e7a<\/strong> <strong>generalizada<\/strong><\/span><\/p>\n<p>Lacan assinala que atrav\u00e9s da crian\u00e7a generalizada pode se dar \u201ca entrada de um mundo inteiro no caminho da segrega\u00e7\u00e3o\u201d<a href=\"#_ftn3\" name=\"_ftnref3\">[3]<\/a>.<\/p>\n<p>O amo moderno imp\u00f5e a todos um curto-circuito entre o sujeito e o Outro, atrav\u00e9s da oferta vertiginosa de objetos tecnol\u00f3gicos: o sujeito n\u00e3o responde mais por seu corpo, nem mesmo por seu gozo e os sintomas s\u00e3o reduzidos a transtornos a serem extirpados.<\/p>\n<a href=\"https:\/\/enapol.com\/xii\/eje-4-lo-que-el-psicoanalisis-dice-del-nino-generalizado\/\" class=\"vcex-button theme-button flat black small align-left inline\" title=\"Visit Site\" rel=\"none\"><span class=\"vcex-button-inner theme-button-inner wpex-flex wpex-flex-wrap wpex-items-center wpex-justify-center\">Leia mais<\/span><\/a> [\/vc_column_text][\/vc_column][\/vc_row][vc_row][vc_column][vc_empty_space][\/vc_column][\/vc_row]\n<\/div>","protected":false},"excerpt":{"rendered":"<p>[vc_row][vc_column][vc_column_text css=&#8221;&#8221;] ARGUMENTO Falar com a Crian\u00e7a! \u00a0(\u2026) \u201cQue pensez-vous de parler avec l\u2019enfant?&#8221; me pergunta sorrindo J-A. Miller. Falar com a crian\u00e7a? Foi ao tomar a pergunta em sua equivocidade que uma alegria invadiu o espa\u00e7o ao ler com os ouvidos o que salta aos olhos! \u00c9 isso!!! Sim!!! Est\u00e1 a\u00ed a boa f\u00f3rmula!&hellip;<\/p>\n","protected":false},"author":3,"featured_media":0,"parent":907,"menu_order":0,"comment_status":"closed","ping_status":"closed","template":"templates\/no-sidebar.php","meta":{"_monsterinsights_skip_tracking":false,"_monsterinsights_sitenote_active":false,"_monsterinsights_sitenote_note":"","_monsterinsights_sitenote_category":0,"footnotes":""},"_links":{"self":[{"href":"https:\/\/enapol.com\/xii\/wp-json\/wp\/v2\/pages\/644"}],"collection":[{"href":"https:\/\/enapol.com\/xii\/wp-json\/wp\/v2\/pages"}],"about":[{"href":"https:\/\/enapol.com\/xii\/wp-json\/wp\/v2\/types\/page"}],"author":[{"embeddable":true,"href":"https:\/\/enapol.com\/xii\/wp-json\/wp\/v2\/users\/3"}],"replies":[{"embeddable":true,"href":"https:\/\/enapol.com\/xii\/wp-json\/wp\/v2\/comments?post=644"}],"version-history":[{"count":24,"href":"https:\/\/enapol.com\/xii\/wp-json\/wp\/v2\/pages\/644\/revisions"}],"predecessor-version":[{"id":1696,"href":"https:\/\/enapol.com\/xii\/wp-json\/wp\/v2\/pages\/644\/revisions\/1696"}],"up":[{"embeddable":true,"href":"https:\/\/enapol.com\/xii\/wp-json\/wp\/v2\/pages\/907"}],"wp:attachment":[{"href":"https:\/\/enapol.com\/xii\/wp-json\/wp\/v2\/media?parent=644"}],"curies":[{"name":"wp","href":"https:\/\/api.w.org\/{rel}","templated":true}]}}