{"id":659,"date":"2024-12-04T12:36:02","date_gmt":"2024-12-04T15:36:02","guid":{"rendered":"https:\/\/enapol.com\/xii\/autoridades\/"},"modified":"2025-08-19T12:09:43","modified_gmt":"2025-08-19T15:09:43","slug":"autoridades","status":"publish","type":"page","link":"https:\/\/enapol.com\/xii\/encontro\/autoridades\/","title":{"rendered":"Autoridades"},"content":{"rendered":"<div class=\"wpb-content-wrapper\">[vc_row][vc_column]<div class=\"vcex-spacing wpex-w-100 wpex-clear\" style=\"height:50px;\"><\/div>[\/vc_column][\/vc_row][vc_row][vc_column][vc_column_text css=&#8221;&#8221;]\n<p><strong>DIRE\u00c7\u00c3O GERAL:<\/strong><\/p>\n<ul>\n<li>Helenice de Castro<\/li>\n<\/ul>\n<hr \/>\n<p><strong>COMIT\u00ca DIRETOR:<\/strong><\/p>\n<ul>\n<li>Ana Vigan\u00f3 (NEL)<\/li>\n<li>Irene Kuperwajs (EOL)<\/li>\n<li>Ludmilla F\u00e9res Faria (EBP)<\/li>\n<\/ul>\n<hr \/>\n<p><strong>BUREAU FAPOL<\/strong><\/p>\n<ul>\n<li>Fernanda Otoni Brisset \u2013 Presidenta<\/li>\n<li>Gabriela Camaly \u2013 Vicepresidenta<\/li>\n<li>Mar\u00eda Hortensia C\u00e1rdenas \u2013 Secretaria<\/li>\n<\/ul>\n<hr \/>\n<p><strong>CONSELHO FAPOL<\/strong><\/p>\n<ul>\n<li>Christiane Alberti \u2013 Presidenta AMP<\/li>\n<li>Fernanda Otoni Brisset \u2013 Presidenta FAPOL<\/li>\n<li>Ana Vigan\u00f3 \u2013 Presidenta NEL<\/li>\n<li>Gabriela Urriolagoitia &#8211; Conselheira NEL<\/li>\n<li>Maria Jos\u00e9 Gontijo Salum \u2013 Presidenta EBP<\/li>\n<li>Luiz Felipe monteiro \u2013 Diretor EBP<\/li>\n<li>Nicolas Bouso\u00f1o \u2013 Diretor EOL<\/li>\n<li>S\u00edlvia Tendlarz \u2013 Presidenta EOL<\/li>\n<\/ul>\n[\/vc_column_text][\/vc_column][\/vc_row]\n<\/div>","protected":false},"excerpt":{"rendered":"<p>[vc_row][vc_column][\/vc_column][\/vc_row][vc_row][vc_column][vc_column_text css=&#8221;&#8221;] DIRE\u00c7\u00c3O GERAL: Helenice de Castro COMIT\u00ca DIRETOR: Ana Vigan\u00f3 (NEL) Irene Kuperwajs (EOL) Ludmilla F\u00e9res Faria (EBP) BUREAU FAPOL Fernanda Otoni Brisset \u2013 Presidenta Gabriela Camaly \u2013 Vicepresidenta Mar\u00eda Hortensia C\u00e1rdenas \u2013 Secretaria CONSELHO FAPOL Christiane Alberti \u2013 Presidenta AMP Fernanda Otoni Brisset \u2013 Presidenta FAPOL Ana Vigan\u00f3 \u2013 Presidenta NEL Gabriela Urriolagoitia&hellip;<\/p>\n","protected":false},"author":3,"featured_media":0,"parent":667,"menu_order":0,"comment_status":"closed","ping_status":"closed","template":"templates\/no-sidebar.php","meta":{"_monsterinsights_skip_tracking":false,"_monsterinsights_sitenote_active":false,"_monsterinsights_sitenote_note":"","_monsterinsights_sitenote_category":0,"footnotes":""},"_links":{"self":[{"href":"https:\/\/enapol.com\/xii\/wp-json\/wp\/v2\/pages\/659"}],"collection":[{"href":"https:\/\/enapol.com\/xii\/wp-json\/wp\/v2\/pages"}],"about":[{"href":"https:\/\/enapol.com\/xii\/wp-json\/wp\/v2\/types\/page"}],"author":[{"embeddable":true,"href":"https:\/\/enapol.com\/xii\/wp-json\/wp\/v2\/users\/3"}],"replies":[{"embeddable":true,"href":"https:\/\/enapol.com\/xii\/wp-json\/wp\/v2\/comments?post=659"}],"version-history":[{"count":8,"href":"https:\/\/enapol.com\/xii\/wp-json\/wp\/v2\/pages\/659\/revisions"}],"predecessor-version":[{"id":7260,"href":"https:\/\/enapol.com\/xii\/wp-json\/wp\/v2\/pages\/659\/revisions\/7260"}],"up":[{"embeddable":true,"href":"https:\/\/enapol.com\/xii\/wp-json\/wp\/v2\/pages\/667"}],"wp:attachment":[{"href":"https:\/\/enapol.com\/xii\/wp-json\/wp\/v2\/media?parent=659"}],"curies":[{"name":"wp","href":"https:\/\/api.w.org\/{rel}","templated":true}]}}