{"id":6633,"date":"2025-08-01T06:56:51","date_gmt":"2025-08-01T09:56:51","guid":{"rendered":"https:\/\/enapol.com\/xii\/?page_id=6633"},"modified":"2025-08-18T18:09:33","modified_gmt":"2025-08-18T21:09:33","slug":"tambor-8","status":"publish","type":"page","link":"https:\/\/enapol.com\/xii\/epistemico\/tambor\/boletins\/tambor-8\/","title":{"rendered":"TAMBOR 8"},"content":{"rendered":"<div class=\"wpb-content-wrapper\">[vc_row][vc_column]<figure class=\"vcex-image vcex-module\"><div class=\"vcex-image-inner wpex-relative wpex-inline-block\"><img width=\"5288\" height=\"1575\" src=\"https:\/\/enapol.com\/xii\/wp-content\/uploads\/sites\/10\/2025\/02\/cabecalho.png\" class=\"vcex-image-img wpex-align-middle\" alt=\"\" loading=\"lazy\" decoding=\"async\" srcset=\"https:\/\/enapol.com\/xii\/wp-content\/uploads\/sites\/10\/2025\/02\/cabecalho.png 5288w, https:\/\/enapol.com\/xii\/wp-content\/uploads\/sites\/10\/2025\/02\/cabecalho-300x89.png 300w, https:\/\/enapol.com\/xii\/wp-content\/uploads\/sites\/10\/2025\/02\/cabecalho-1024x305.png 1024w, https:\/\/enapol.com\/xii\/wp-content\/uploads\/sites\/10\/2025\/02\/cabecalho-768x229.png 768w, https:\/\/enapol.com\/xii\/wp-content\/uploads\/sites\/10\/2025\/02\/cabecalho-1536x457.png 1536w, https:\/\/enapol.com\/xii\/wp-content\/uploads\/sites\/10\/2025\/02\/cabecalho-2048x610.png 2048w, https:\/\/enapol.com\/xii\/wp-content\/uploads\/sites\/10\/2025\/02\/cabecalho-500x149.png 500w, https:\/\/enapol.com\/xii\/wp-content\/uploads\/sites\/10\/2025\/02\/cabecalho-700x208.png 700w\" sizes=\"(max-width: 5288px) 100vw, 5288px\" \/><\/div><\/figure>[\/vc_column][\/vc_row][vc_row][vc_column][vc_column_text css=&#8221;.vc_custom_1755551380149{padding-top: 20px !important;padding-right: 20px !important;padding-bottom: 20px !important;padding-left: 20px !important;background-color: #FFDB5F !important;}&#8221;]\n<p style=\"text-align: left;\"><span style=\"font-size: 18px;\"><strong><span style=\"color: #ffffff;\">Bolet\u00edn Tambor 8<\/span><\/strong><\/span><\/p>\n[\/vc_column_text][\/vc_column][\/vc_row][vc_row][vc_column][vc_column_text css=&#8221;&#8221;]\n<h3 style=\"text-align: justify;\"><strong>Rubrica Eixo 1 &#8211;\u00a0<\/strong><strong>UM TAMBOR VIBRA EM UM DISPOSITIVO DE SA\u00daDE P\u00daBLICA<\/strong><\/h3>\n<p style=\"text-align: justify;\"><strong>Mar\u00eda Laura Errecarte<br \/>\n<\/strong><strong>EOL\/AMP<\/strong><\/p>\n<p style=\"text-align: justify;\"><strong>\u00a0<\/strong>Seguindo o som do Tambor deste ENAPOL, no eixo \u2018Falar de \u201cisso de que n\u00e3o se pode falar\u201d\u2019, transmitirei uma experi\u00eancia atual em que estou trabalhando junto a uma equipe de sa\u00fade. Experi\u00eancia cl\u00ednica que proporciona o acesso \u00e0 interrup\u00e7\u00e3o da gravidez e ao atendimento no p\u00f3s-aborto.<\/p>\n<p style=\"text-align: justify;\"><a href=\"https:\/\/enapol.com\/xii\/rubrica-eixo-1-um-tambor-vibra-em-um-dispositivo-de-saude-publica\/\"><span style=\"color: #ff0000;\">(Leia +)<\/span><\/a><\/p>\n[\/vc_column_text][\/vc_column][\/vc_row][vc_row][vc_column][vc_column_text css=&#8221;&#8221;]\n<h3 style=\"text-align: justify;\"><strong>Rubrica Eixo 2 &#8211; <\/strong><strong>\u00a0<\/strong><strong>\u201cD\u00c1FNIS E CLO\u00c9: DO S\u00c9CULO II AO S\u00c9CULO XXI\u201d<\/strong><\/h3>\n<p style=\"text-align: justify;\"><strong>Susana Schaer<br \/>\n<\/strong><strong>NEL\/AMP<\/strong><\/p>\n<p style=\"text-align: justify;\">\u00c9 sabido que a puberdade \u00e9 o encontro com os grandes enigmas: o corpo, a sexualidade, a rela\u00e7\u00e3o com o outro. Um encontro com o imposs\u00edvel da rela\u00e7\u00e3o sexual, o imposs\u00edvel de dizer que n\u00e3o se subjetiva por completo. \u00c9 com isso que o p\u00fabere tem de se virar. \u201cE \u00e9 a isso que Lacan chamou de o real\u201d.<\/p>\n<p style=\"text-align: justify;\"><a href=\"https:\/\/enapol.com\/xii\/rubrica-eixo-2-dafnis-e-cloe-do-seculo-ii-ao-seculo-xxi\/\">(Leia +)<\/a><\/p>\n[\/vc_column_text][\/vc_column][\/vc_row][vc_row][vc_column][vc_column_text css=&#8221;&#8221;]\n<h3 style=\"text-align: justify;\"><strong>CONEX\u00d5ES &#8211;<\/strong><strong>\u00a0<\/strong><strong>CURAR A CRIAN\u00c7A? &#8211; UMA CONEX\u00c3O COM O LIVRO \u201cCONTRA MIM\u201d, DE VALTER HUGO M\u00c3E<\/strong><\/h3>\n<p style=\"text-align: justify;\"><strong>Cristina Frederico<br \/>\n<\/strong><strong>Daiane Ribeiro<br \/>\n<\/strong><strong>\u00c9lida Biasoli Lenci<br \/>\n<\/strong><strong>Niraldo de Oliveira Santos<br \/>\n<\/strong><strong>EBP\/AMP<\/strong><strong>\u00a0<\/strong><\/p>\n<p style=\"text-align: justify;\">Nascido em Angola e radicado em Portugal desde a inf\u00e2ncia, Valter Hugo M\u00e3e \u00e9 um dos escritores mais destacados da literatura contempor\u00e2nea em l\u00edngua portuguesa. \u00c9 tamb\u00e9m artista pl\u00e1stico e cantor. Sua obra liter\u00e1ria \u00e9 marcada por uma linguagem po\u00e9tica e profundamente sens\u00edvel, abordando temas como a inf\u00e2ncia, a solid\u00e3o, a marginalidade e a complexidade da exist\u00eancia humana.<\/p>\n<p style=\"text-align: justify;\"><a href=\"https:\/\/enapol.com\/xii\/curar-a-crianca-uma-conexao-com-o-livro-contra-mim-de-valter-hugo-mae\/\"><span style=\"color: #ff0000;\">(Leia +)<\/span><\/a><\/p>\n[\/vc_column_text][\/vc_column][\/vc_row][vc_row][vc_column][vc_column_text css=&#8221;&#8221;]\n<h3 style=\"text-align: justify;\"><strong>CITA\u00c7\u00d5ES E REFER\u00caNCIAS BIBLIOGR\u00c1FICAS<\/strong><\/h3>\n<p style=\"text-align: justify;\"><strong>FREUD<\/strong><\/p>\n<p style=\"text-align: justify;\"><strong>\u00a0<\/strong>\u201cN\u00e3o interessa de modo algum com que material se comece \u2013 a biografia, o hist\u00f3rico cl\u00ednico ou as recorda\u00e7\u00f5es de inf\u00e2ncia do paciente \u2013, desde que se deixe o pr\u00f3prio paciente fazer seu relato e escolher seu ponto de partida.\u201d<\/p>\n<p style=\"text-align: justify;\">FREUD, S. \u201cO in\u00edcio do tratamento\u201d. In: Obras Completas, vol.\u202f10. S\u00e3o Paulo: Companhia das Letras, 2010, p.\u202f135.<\/p>\n<p style=\"text-align: justify;\"><a href=\"https:\/\/enapol.com\/xii\/citacoes-e-referencias-bibliograficas-6\/\">(Leia +)<\/a><\/p>\n[\/vc_column_text][\/vc_column][\/vc_row]\n<\/div>","protected":false},"excerpt":{"rendered":"<p>[vc_row][vc_column][\/vc_column][\/vc_row][vc_row][vc_column][vc_column_text css=&#8221;.vc_custom_1755551380149{padding-top: 20px !important;padding-right: 20px !important;padding-bottom: 20px !important;padding-left: 20px !important;background-color: #FFDB5F !important;}&#8221;] Bolet\u00edn Tambor 8 [\/vc_column_text][\/vc_column][\/vc_row][vc_row][vc_column][vc_column_text css=&#8221;&#8221;] Rubrica Eixo 1 &#8211;\u00a0UM TAMBOR VIBRA EM UM DISPOSITIVO DE SA\u00daDE P\u00daBLICA Mar\u00eda Laura Errecarte EOL\/AMP \u00a0Seguindo o som do Tambor deste ENAPOL, no eixo \u2018Falar de \u201cisso de que n\u00e3o se pode falar\u201d\u2019, transmitirei uma experi\u00eancia atual&hellip;<\/p>\n","protected":false},"author":3,"featured_media":0,"parent":1875,"menu_order":0,"comment_status":"closed","ping_status":"closed","template":"","meta":{"_monsterinsights_skip_tracking":false,"_monsterinsights_sitenote_active":false,"_monsterinsights_sitenote_note":"","_monsterinsights_sitenote_category":0,"footnotes":""},"_links":{"self":[{"href":"https:\/\/enapol.com\/xii\/wp-json\/wp\/v2\/pages\/6633"}],"collection":[{"href":"https:\/\/enapol.com\/xii\/wp-json\/wp\/v2\/pages"}],"about":[{"href":"https:\/\/enapol.com\/xii\/wp-json\/wp\/v2\/types\/page"}],"author":[{"embeddable":true,"href":"https:\/\/enapol.com\/xii\/wp-json\/wp\/v2\/users\/3"}],"replies":[{"embeddable":true,"href":"https:\/\/enapol.com\/xii\/wp-json\/wp\/v2\/comments?post=6633"}],"version-history":[{"count":6,"href":"https:\/\/enapol.com\/xii\/wp-json\/wp\/v2\/pages\/6633\/revisions"}],"predecessor-version":[{"id":7252,"href":"https:\/\/enapol.com\/xii\/wp-json\/wp\/v2\/pages\/6633\/revisions\/7252"}],"up":[{"embeddable":true,"href":"https:\/\/enapol.com\/xii\/wp-json\/wp\/v2\/pages\/1875"}],"wp:attachment":[{"href":"https:\/\/enapol.com\/xii\/wp-json\/wp\/v2\/media?parent=6633"}],"curies":[{"name":"wp","href":"https:\/\/api.w.org\/{rel}","templated":true}]}}