{"id":7385,"date":"2025-08-23T08:23:56","date_gmt":"2025-08-23T11:23:56","guid":{"rendered":"https:\/\/enapol.com\/xii\/?page_id=7385"},"modified":"2025-08-23T08:23:56","modified_gmt":"2025-08-23T11:23:56","slug":"artes-platicas","status":"publish","type":"page","link":"https:\/\/enapol.com\/xii\/acolhimento\/artes-platicas\/","title":{"rendered":"Artes Pl\u00e1ticas"},"content":{"rendered":"<div class=\"wpb-content-wrapper\">[vc_row][vc_column width=&#8221;2\/3&#8243;][vc_column_text css=&#8221;&#8221;]\n<h3><span style=\"color: #ff0000;\"><strong>\u201cSou um artista Multindisciplinar\u201d<\/strong><\/span><\/h3>\n<p style=\"text-align: justify;\">Marco Paulo Rolla se define como um artista \u201cmultindisciplinar\u201d. Uma letra que transforma a palavra, nomeia um artista e que a um s\u00f3 tempo, permite que seu corpo transite pelas diversas formas de express\u00f5es art\u00edsticas. Sua trajet\u00f3ria \u00e9 marcada por experi\u00eancias simult\u00e2neas em m\u00fasica, dan\u00e7a, performance, teatro e artes visuais, \u00e9 reflexo de uma vis\u00e3o expandida da arte, onde as linguagens n\u00e3o se separam, mas se atravessam e se alimentam. Desde os tempos de forma\u00e7\u00e3o na <i>Funda\u00e7\u00e3o de Educa\u00e7\u00e3o Art\u00edstica<\/i>, em Belo Horizonte, Rolla j\u00e1 transitava entre m\u00faltiplas express\u00f5es: estudava m\u00fasica, dan\u00e7ava, performava. \u201cTudo ao mesmo tempo\u201d, como ele mesmo afirma. Essa mistura, longe de ser confusa, era (e ainda \u00e9) o alicerce da sua pr\u00e1tica.<\/p>\n<p style=\"text-align: justify;\">Para ele, essa fluidez n\u00e3o \u00e9 apenas uma escolha pessoal, mas tamb\u00e9m est\u00e1 ligada \u00e0 maneira como o artista contempor\u00e2neo se forma \u2014 n\u00e3o mais restrito a categorias estanques, mas aberto a atravessamentos e experimenta\u00e7\u00f5es. Rolla v\u00ea em figuras como Alberto da Veiga Guignard um exemplo precursor dessa postura, especialmente no contexto mineiro. Guignard, lembra ele, n\u00e3o aceitava os moldes conservadores da academia do Rio de Janeiro e preferia dar aulas ao ar livre, em contato direto com a natureza e o cotidiano, desafiando a rigidez institucional e propondo uma viv\u00eancia art\u00edstica mais integrada com a realidade.<\/p>\n<p style=\"text-align: justify;\">Essa heran\u00e7a, segundo o artista, reverbera at\u00e9 hoje nas pr\u00e1ticas art\u00edsticas de Minas Gerais, onde ele enxerga um certo &#8220;barroquismo energ\u00e9tico&#8221;, uma mistura intensa entre f\u00e9, arte, pol\u00edtica e caos criativo que forma um caldo f\u00e9rtil para a cria\u00e7\u00e3o. Ele ve a performance, o evento, o corpo em a\u00e7\u00e3o, territ\u00f3rios naturais de express\u00e3o, mais do que a obra final em si. Marco rememora, por exemplo, a import\u00e2ncia de alguns projetos artisticos como o \u201cMuseu de Arte Viva\u201d dentro da <i>Funda\u00e7\u00e3o de Educa\u00e7\u00e3o Art\u00edstica<\/i>, que aconteciam de forma quase clandestina, sempre que a dire\u00e7\u00e3o tradicional se ausentava \u2014 uma celebra\u00e7\u00e3o do improviso, do nonsense, da quebra da l\u00f3gica linear.<\/p>\n<p style=\"text-align: justify;\">Depois de anos vivendo e estudando na Europa \u2014 especialmente na Holanda, onde participou de iniciativas voltadas para a cria\u00e7\u00e3o de redes art\u00edsticas do sul global,voltou para Minas motivado tamb\u00e9m por quest\u00f5es afetivas. Mas esse retorno n\u00e3o foi um recome\u00e7o passivo: trouxe consigo uma bagagem internacional e uma disposi\u00e7\u00e3o de &#8220;passar o trator&#8221; na cena local, expandindo fronteiras e conectando artistas e experi\u00eancias.<\/p>\n<p style=\"text-align: justify;\">Hoje, ele se v\u00ea mais necess\u00e1rio por aqui. Atua como catalisador de novas conex\u00f5es e continua investindo em projetos que promovem a mistura entre linguagens, culturas e geografias. Sua arte, profundamente enraizada no corpo e no acontecimento, \u00e9 uma resposta direta \u00e0s estruturas engessadas e \u00e0s opress\u00f5es pol\u00edticas que ainda atravessam o pa\u00eds. Com humor, cr\u00edtica e liberdade, Marco Paulo Rolla segue encarnando a pot\u00eancia do artista que se recusa a caber em qualquer molde \u2014 e justamente por isso, permanece relevante, instigante e absolutamente contempor\u00e2neo.<\/p>\n[\/vc_column_text][\/vc_column][vc_column width=&#8221;1\/3&#8243;]<div class=\"vcex-spacing wpex-w-100 wpex-clear\"><\/div><figure class=\"vcex-image vcex-module wpex-text-center\"><div class=\"vcex-image-inner wpex-relative wpex-inline-block\"><img width=\"250\" height=\"293\" src=\"https:\/\/enapol.com\/xii\/wp-content\/uploads\/sites\/10\/2025\/08\/Marco-Paulo-Rolla-002.png\" class=\"vcex-image-img wpex-align-middle\" alt=\"\" loading=\"lazy\" decoding=\"async\" \/><\/div><\/figure><div class=\"vcex-spacing wpex-w-100 wpex-clear\"><\/div><figure class=\"vcex-image vcex-module\"><div class=\"vcex-image-inner wpex-relative wpex-inline-block\"><img width=\"567\" height=\"433\" src=\"https:\/\/enapol.com\/xii\/wp-content\/uploads\/sites\/10\/2025\/08\/Marco-Paulo-Rolla-001.png\" class=\"vcex-image-img wpex-align-middle\" alt=\"\" loading=\"lazy\" decoding=\"async\" srcset=\"https:\/\/enapol.com\/xii\/wp-content\/uploads\/sites\/10\/2025\/08\/Marco-Paulo-Rolla-001.png 567w, https:\/\/enapol.com\/xii\/wp-content\/uploads\/sites\/10\/2025\/08\/Marco-Paulo-Rolla-001-300x229.png 300w, https:\/\/enapol.com\/xii\/wp-content\/uploads\/sites\/10\/2025\/08\/Marco-Paulo-Rolla-001-500x382.png 500w\" sizes=\"(max-width: 567px) 100vw, 567px\" \/><\/div><\/figure>[\/vc_column][\/vc_row]\n<\/div>","protected":false},"excerpt":{"rendered":"<p>[vc_row][vc_column width=&#8221;2\/3&#8243;][vc_column_text css=&#8221;&#8221;] \u201cSou um artista Multindisciplinar\u201d Marco Paulo Rolla se define como um artista \u201cmultindisciplinar\u201d. Uma letra que transforma a palavra, nomeia um artista e que a um s\u00f3 tempo, permite que seu corpo transite pelas diversas formas de express\u00f5es art\u00edsticas. Sua trajet\u00f3ria \u00e9 marcada por experi\u00eancias simult\u00e2neas em m\u00fasica, dan\u00e7a, performance, teatro e&hellip;<\/p>\n","protected":false},"author":3,"featured_media":0,"parent":632,"menu_order":0,"comment_status":"closed","ping_status":"closed","template":"","meta":{"_monsterinsights_skip_tracking":false,"_monsterinsights_sitenote_active":false,"_monsterinsights_sitenote_note":"","_monsterinsights_sitenote_category":0,"footnotes":""},"_links":{"self":[{"href":"https:\/\/enapol.com\/xii\/wp-json\/wp\/v2\/pages\/7385"}],"collection":[{"href":"https:\/\/enapol.com\/xii\/wp-json\/wp\/v2\/pages"}],"about":[{"href":"https:\/\/enapol.com\/xii\/wp-json\/wp\/v2\/types\/page"}],"author":[{"embeddable":true,"href":"https:\/\/enapol.com\/xii\/wp-json\/wp\/v2\/users\/3"}],"replies":[{"embeddable":true,"href":"https:\/\/enapol.com\/xii\/wp-json\/wp\/v2\/comments?post=7385"}],"version-history":[{"count":7,"href":"https:\/\/enapol.com\/xii\/wp-json\/wp\/v2\/pages\/7385\/revisions"}],"predecessor-version":[{"id":7399,"href":"https:\/\/enapol.com\/xii\/wp-json\/wp\/v2\/pages\/7385\/revisions\/7399"}],"up":[{"embeddable":true,"href":"https:\/\/enapol.com\/xii\/wp-json\/wp\/v2\/pages\/632"}],"wp:attachment":[{"href":"https:\/\/enapol.com\/xii\/wp-json\/wp\/v2\/media?parent=7385"}],"curies":[{"name":"wp","href":"https:\/\/api.w.org\/{rel}","templated":true}]}}