{"id":7402,"date":"2025-08-23T08:42:26","date_gmt":"2025-08-23T11:42:26","guid":{"rendered":"https:\/\/enapol.com\/xii\/?page_id=7402"},"modified":"2025-08-30T19:50:46","modified_gmt":"2025-08-30T22:50:46","slug":"programa-plenarias-05-setembro","status":"publish","type":"page","link":"https:\/\/enapol.com\/xii\/encontro\/programa-plenarias-05-setembro\/","title":{"rendered":"Programa Plen\u00e1rias \u2022 05 SETEMBRO"},"content":{"rendered":"<div class=\"wpb-content-wrapper\">[vc_row][vc_column]<div class=\"vcex-spacing wpex-w-100 wpex-clear\" style=\"height:50px;\"><\/div>[\/vc_column][\/vc_row][vc_row][vc_column]<figure class=\"vcex-image vcex-module wpex-text-center\"><div class=\"vcex-image-inner wpex-relative wpex-inline-block\"><img width=\"800\" height=\"126\" src=\"https:\/\/enapol.com\/xii\/wp-content\/uploads\/sites\/10\/2025\/08\/top_programas_site.png\" class=\"vcex-image-img wpex-align-middle\" alt=\"\" loading=\"lazy\" decoding=\"async\" srcset=\"https:\/\/enapol.com\/xii\/wp-content\/uploads\/sites\/10\/2025\/08\/top_programas_site.png 800w, https:\/\/enapol.com\/xii\/wp-content\/uploads\/sites\/10\/2025\/08\/top_programas_site-300x47.png 300w, https:\/\/enapol.com\/xii\/wp-content\/uploads\/sites\/10\/2025\/08\/top_programas_site-768x121.png 768w, https:\/\/enapol.com\/xii\/wp-content\/uploads\/sites\/10\/2025\/08\/top_programas_site-500x79.png 500w, https:\/\/enapol.com\/xii\/wp-content\/uploads\/sites\/10\/2025\/08\/top_programas_site-700x110.png 700w\" sizes=\"(max-width: 800px) 100vw, 800px\" \/><\/div><\/figure>[vc_column_text css=&#8221;&#8221;]\n<h3 style=\"text-align: center;\"><span style=\"color: #847d76;\">PROGRAMA<\/span><br \/>\n<span style=\"color: #aaa192;\">XII<\/span> <span style=\"color: #847d76;\">ENAPOL<\/span><br \/>\n<span style=\"color: #847d76;\">PLEN\u00c1RIAS<\/span><\/h3>\n[\/vc_column_text]<div class=\"vcex-spacing wpex-w-100 wpex-clear\"><\/div><style>.vcex-button.vcex_69da69c6e1661{background:var(--wpex-accent);color:#ffffff!important;}.vcex-button.vcex_69da69c6e1661:hover{background:var(--wpex-accent-alt)!important;color:#ffffff!important;}<\/style><div class=\"theme-button-wrap textcenter wpex-clr\"><a href=\"https:\/\/enapol.com\/xii\/wp-content\/uploads\/sites\/10\/2025\/08\/PROGRAMA-PLENARIAS-PORT.pdf\" class=\"vcex-button theme-button align-center inline vcex_69da69c6e1661\"><span class=\"vcex-button-inner theme-button-inner wpex-flex wpex-flex-wrap wpex-items-center wpex-justify-center\">DOWNLOAD PDF<\/span><\/a><\/div> <div class=\"vcex-spacing wpex-w-100 wpex-clear\"><\/div><figure class=\"vcex-image vcex-module wpex-text-center\"><div class=\"vcex-image-inner wpex-relative wpex-inline-block\"><img width=\"595\" height=\"11\" src=\"https:\/\/enapol.com\/xii\/wp-content\/uploads\/sites\/10\/2025\/08\/linha_programas_site.png\" class=\"vcex-image-img wpex-align-middle\" alt=\"\" loading=\"lazy\" decoding=\"async\" srcset=\"https:\/\/enapol.com\/xii\/wp-content\/uploads\/sites\/10\/2025\/08\/linha_programas_site.png 595w, https:\/\/enapol.com\/xii\/wp-content\/uploads\/sites\/10\/2025\/08\/linha_programas_site-300x6.png 300w, https:\/\/enapol.com\/xii\/wp-content\/uploads\/sites\/10\/2025\/08\/linha_programas_site-500x9.png 500w\" sizes=\"(max-width: 595px) 100vw, 595px\" \/><\/div><\/figure><div class=\"vcex-spacing wpex-w-100 wpex-clear\"><\/div>[vc_column_text css=&#8221;&#8221;]\n<h4 style=\"text-align: center;\"><span style=\"color: #847d76;\">05 SETEMBRO <\/span><span style=\"color: #ff0000;\">\u2022<\/span> <span style=\"color: #847d76;\">SEXTA-FEIRA<\/span><\/h4>\n[\/vc_column_text][\/vc_column][\/vc_row][vc_row][vc_column][vc_column_text css=&#8221;.vc_custom_1756594250550{padding-top: 40px !important;padding-right: 40px !important;padding-bottom: 40px !important;padding-left: 40px !important;background-color: #f6f2ef!important !important;}&#8221;]\n<h3><span style=\"color: #ff0000;\"><strong>MANH\u00c3<\/strong><\/span><\/h3>\n<h4><span style=\"color: #ff0000;\">08h00 \u2022 <\/span>Credenciamento<\/h4>\n<h4><span style=\"color: #ff0000;\">08h45 \u2022<\/span> <strong>Abertura <\/strong><\/h4>\n<p style=\"padding-left: 40px;\">Fernanda Otoni Brisset \u2013 Presidenta FAPOL<\/p>\n<p style=\"padding-left: 40px;\">Helenice de Castro \u2013 Diretora XII ENAPOL<\/p>\n<h4><span style=\"color: #ff0000;\">09h40 \u2022<\/span> <strong>Como falar \u00e0 crian\u00e7a <\/strong><\/h4>\n<p style=\"padding-left: 40px;\">Confer\u00eancia de Christiane Alberti \u2013 Presidenta da AMP<\/p>\n<p style=\"padding-left: 40px;\">S\u00e9rgio de Campos (Brasil) recebe Christiane Alberti para conversar com Franco Masi (Argentina), Gresiela Nunes da Rosa (Brasil) e Peter Molineaux (Chile)<\/p>\n<h4><span style=\"color: #ff0000;\">10h30 \u2022<\/span> <strong>Todo mundo \u00e9 crian\u00e7a! <\/strong><\/h4>\n<p style=\"padding-left: 40px;\">Fio da meada:\u00a0 Marcela Antelo (Brasil)<\/p>\n<p style=\"padding-left: 40px;\">Preside: Gabriela Camaly (Argentina)<\/p>\n<p style=\"padding-left: 40px;\">Apresentam: Oscar Zack (Argentina) e Daniela Viola (Brasil)<\/p>\n<p style=\"padding-left: 40px;\">Discutem: Jorge Assef (Argentina) e Viviana Berger (M\u00e9xico)<\/p>\n<h4><span style=\"color: #ff0000;\">11h40 \u2022<\/span> <strong>O <em>ronron<\/em> de lal\u00edngua<\/strong><\/h4>\n<p style=\"padding-left: 40px;\">Entrevista com Jo\u00e3o Bosco, compositor brasileiro<\/p>\n<p style=\"padding-left: 40px;\">Alejandro Reinoso (Chile) puxa o fio da meada e junto com Irene Kuperwajs (Argentina) recebem Marita Salgado (Argentina) e Rodrigo Almeida (Brasil) em uma conversa com D\u00e9bora Rabinovich (Argentina) e Ana Lucia Lutterbach (Brasil)<\/p>\n<h4><span style=\"color: #ff0000;\">13h00 \u2022<\/span> <strong>Almo\u00e7o<\/strong><\/h4>\n<h3><span style=\"color: #ff0000;\"><strong>TARDE<\/strong><\/span><\/h3>\n<h4><span style=\"color: #ff0000;\">14h30 \u2022<\/span> <strong>A crian\u00e7a que n\u00e3o fala e seus objetos<\/strong><\/h4>\n<p style=\"padding-left: 40px;\">Fio da meada: Eugenia Serrano (Argentina)<\/p>\n<p style=\"padding-left: 40px;\">Preside: Adolfo Ruiz (Col\u00f4mbia)<\/p>\n<p style=\"padding-left: 40px;\">Apresentam: Lucas Horvath (Argentina) e Rachel Botrel (Brasil)<\/p>\n<p style=\"padding-left: 40px;\">Discutem: Patricio \u00c1lvarez Bay\u00f3n (Argentina) e Heloisa Telles (Brasil)<\/p>\n<h4><span style=\"color: #ff0000;\">15h40 \u2022<\/span> <strong><em>Quando ainda n\u00e3o se sabe ler\u2026 <\/em><\/strong><\/h4>\n<p style=\"padding-left: 40px;\">Participa\u00e7\u00e3o especial do ator Jonnatha Horta Fortes<\/p>\n<p style=\"padding-left: 40px;\">\u00c8ve Miller-Rose (Fran\u00e7a) puxa o fio da meada e junto com Silvia Tendlarz (Argentina) recebem Pablo Olivero (Argentina) e Glacy Gorski (Brasil) em uma conversa com Florencia Dassen (Argentina) e Cristina Vidigal (Brasil)<\/p>\n<h4><span style=\"color: #ff0000;\">17h \u2022<\/span> <strong>Pausa<\/strong><\/h4>\n<h4><span style=\"color: #ff0000;\">17h10 \u2022<\/span> <strong>Ensino do Passe<\/strong><\/h4>\n<p style=\"padding-left: 40px;\">A neurose infantil: trauma, fantasma e sintoma<\/p>\n<p style=\"padding-left: 40px;\">Apresenta: Mariana G\u00f3mez (A.E. em exerc\u00edcio)<\/p>\n<p style=\"padding-left: 40px;\">Comenta: Ram Mandil (Brasil)<\/p>\n<p style=\"padding-left: 40px;\">Preside: Silvia Salman &#8211; Secret\u00e1ria do Passe EOL\/AMP<\/p>\n<h4><span style=\"color: #ff0000;\">17h50 \u2022<\/span> <strong>O que ser\u00e1 o amanh\u00e3<\/strong><\/h4>\n<p style=\"padding-left: 40px;\">Apresentam: Simone Souto (Brasil) \u2013 Jornada Cl\u00ednica e Marcus Andr\u00e9 Vieira (Brasil) \u2013 Conversa\u00e7\u00f5es Federativas<\/p>\n<h4><span style=\"color: #ff0000;\">20h00 \u2022<\/span> <strong>Festa ZIRIGUIDUM<\/strong><\/h4>\n[\/vc_column_text][\/vc_column][\/vc_row]\n<\/div>","protected":false},"excerpt":{"rendered":"<p>[vc_row][vc_column][\/vc_column][\/vc_row][vc_row][vc_column][vc_column_text css=&#8221;&#8221;] PROGRAMA XII ENAPOL PLEN\u00c1RIAS [\/vc_column_text][vc_column_text css=&#8221;&#8221;] 05 SETEMBRO \u2022 SEXTA-FEIRA [\/vc_column_text][\/vc_column][\/vc_row][vc_row][vc_column][vc_column_text css=&#8221;.vc_custom_1756594250550{padding-top: 40px !important;padding-right: 40px !important;padding-bottom: 40px !important;padding-left: 40px !important;background-color: #f6f2ef!important !important;}&#8221;] MANH\u00c3 08h00 \u2022 Credenciamento 08h45 \u2022 Abertura Fernanda Otoni Brisset \u2013 Presidenta FAPOL Helenice de Castro \u2013 Diretora XII ENAPOL 09h40 \u2022 Como falar \u00e0 crian\u00e7a Confer\u00eancia de Christiane Alberti \u2013&hellip;<\/p>\n","protected":false},"author":3,"featured_media":0,"parent":667,"menu_order":0,"comment_status":"closed","ping_status":"closed","template":"","meta":{"_monsterinsights_skip_tracking":false,"_monsterinsights_sitenote_active":false,"_monsterinsights_sitenote_note":"","_monsterinsights_sitenote_category":0,"footnotes":""},"_links":{"self":[{"href":"https:\/\/enapol.com\/xii\/wp-json\/wp\/v2\/pages\/7402"}],"collection":[{"href":"https:\/\/enapol.com\/xii\/wp-json\/wp\/v2\/pages"}],"about":[{"href":"https:\/\/enapol.com\/xii\/wp-json\/wp\/v2\/types\/page"}],"author":[{"embeddable":true,"href":"https:\/\/enapol.com\/xii\/wp-json\/wp\/v2\/users\/3"}],"replies":[{"embeddable":true,"href":"https:\/\/enapol.com\/xii\/wp-json\/wp\/v2\/comments?post=7402"}],"version-history":[{"count":16,"href":"https:\/\/enapol.com\/xii\/wp-json\/wp\/v2\/pages\/7402\/revisions"}],"predecessor-version":[{"id":7874,"href":"https:\/\/enapol.com\/xii\/wp-json\/wp\/v2\/pages\/7402\/revisions\/7874"}],"up":[{"embeddable":true,"href":"https:\/\/enapol.com\/xii\/wp-json\/wp\/v2\/pages\/667"}],"wp:attachment":[{"href":"https:\/\/enapol.com\/xii\/wp-json\/wp\/v2\/media?parent=7402"}],"curies":[{"name":"wp","href":"https:\/\/api.w.org\/{rel}","templated":true}]}}