{"id":764,"date":"2025-01-24T17:40:47","date_gmt":"2025-01-24T16:40:47","guid":{"rendered":"https:\/\/enapol.com\/xii\/?page_id=764"},"modified":"2025-02-13T14:49:23","modified_gmt":"2025-02-13T13:49:23","slug":"politica-de-devolucao-e-reembolso","status":"publish","type":"page","link":"https:\/\/enapol.com\/xii\/politica-de-devolucao-e-reembolso\/","title":{"rendered":"Pol\u00edtica de devolu\u00e7\u00e3o e reembolso"},"content":{"rendered":"<h4><span style=\"color: #ff0000\">POL\u00cdTICA DE CANCELAMENTO DE INSCRI\u00c7\u00c3O PARA O XII ENAPOL:<\/span><\/h4>\n<ol>\n<li><strong>Solicita\u00e7\u00e3o de Cancelamento:<\/strong>\n<ul>\n<li>Se por algum motivo voc\u00ea precisar cancelar sua inscri\u00e7\u00e3o, solicitamos que entre em contato conosco o mais r\u00e1pido poss\u00edvel para iniciar o processo de cancelamento.<\/li>\n<\/ul>\n<\/li>\n<li><strong>Taxa de Cancelamento:<\/strong>\n<ul>\n<li>Uma taxa de cancelamento de 10% ser\u00e1 aplicada a todas as solicita\u00e7\u00f5es de cancelamento de inscri\u00e7\u00e3o do encontro. Essa taxa visa cobrir custos administrativos e banc\u00e1rios associados ao cancelamento<\/li>\n<li>O valor a ser restitu\u00eddo ser\u00e1 o valor pago descontado a taxa de cancelamento.<\/li>\n<\/ul>\n<\/li>\n<li><strong>Processo de Reembolso:<\/strong>\n<ul>\n<li>Assim que o pedido de reembolso for recebido, enviaremos um e-mail para notifica-lo de que o recebemos.<\/li>\n<li>O reembolso ser\u00e1 processado utilizando o mesmo m\u00e9todo de pagamento utilizado na inscri\u00e7\u00e3o inicial. Isso pode incluir transfer\u00eancia banc\u00e1ria, estorno no cart\u00e3o de cr\u00e9dito ou outro m\u00e9todo, conforme aplic\u00e1vel.<\/li>\n<li>O prazo para o reembolso ser creditado pode variar dependendo do m\u00e9todo de pagamento, mas geralmente ocorre dentro de 7 dias \u00fateis ap\u00f3s uma solicita\u00e7\u00e3o de cancelamento.<\/li>\n<\/ul>\n<\/li>\n<li><strong>Pol\u00edtica de Prazos:<\/strong>\n<ul>\n<li>Cancelamentos feitos at\u00e9 15\/08\/2025 ser\u00e3o eleg\u00edveis para reembolso total, deduzindo apenas a taxa de cancelamento. Ap\u00f3s essa data, n\u00e3o ser\u00e1 poss\u00edvel processar os reembolsos.<\/li>\n<\/ul>\n<\/li>\n<li><strong>Contato:\u00a0<\/strong>Para solicitar o cancelamento da inscri\u00e7\u00e3o ou para qualquer consulta, por favor, entre em contato atrav\u00e9s do email: <a href=\"mailto:enapolxii@gmail.com\"> enapolxii@gmail.com<\/a><\/li>\n<\/ol>\n","protected":false},"excerpt":{"rendered":"<p>POL\u00cdTICA DE CANCELAMENTO DE INSCRI\u00c7\u00c3O PARA O XII ENAPOL: Solicita\u00e7\u00e3o de Cancelamento: Se por algum motivo voc\u00ea precisar cancelar sua inscri\u00e7\u00e3o, solicitamos que entre em contato conosco o mais r\u00e1pido poss\u00edvel para iniciar o processo de cancelamento. Taxa de Cancelamento: Uma taxa de cancelamento de 10% ser\u00e1 aplicada a todas as solicita\u00e7\u00f5es de cancelamento de&hellip;<\/p>\n","protected":false},"author":1,"featured_media":0,"parent":0,"menu_order":0,"comment_status":"closed","ping_status":"closed","template":"","meta":{"_monsterinsights_skip_tracking":false,"_monsterinsights_sitenote_active":false,"_monsterinsights_sitenote_note":"","_monsterinsights_sitenote_category":0,"footnotes":""},"_links":{"self":[{"href":"https:\/\/enapol.com\/xii\/wp-json\/wp\/v2\/pages\/764"}],"collection":[{"href":"https:\/\/enapol.com\/xii\/wp-json\/wp\/v2\/pages"}],"about":[{"href":"https:\/\/enapol.com\/xii\/wp-json\/wp\/v2\/types\/page"}],"author":[{"embeddable":true,"href":"https:\/\/enapol.com\/xii\/wp-json\/wp\/v2\/users\/1"}],"replies":[{"embeddable":true,"href":"https:\/\/enapol.com\/xii\/wp-json\/wp\/v2\/comments?post=764"}],"version-history":[{"count":9,"href":"https:\/\/enapol.com\/xii\/wp-json\/wp\/v2\/pages\/764\/revisions"}],"predecessor-version":[{"id":1521,"href":"https:\/\/enapol.com\/xii\/wp-json\/wp\/v2\/pages\/764\/revisions\/1521"}],"wp:attachment":[{"href":"https:\/\/enapol.com\/xii\/wp-json\/wp\/v2\/media?parent=764"}],"curies":[{"name":"wp","href":"https:\/\/api.w.org\/{rel}","templated":true}]}}