{"id":7647,"date":"2025-08-25T16:04:01","date_gmt":"2025-08-25T19:04:01","guid":{"rendered":"https:\/\/enapol.com\/xii\/?page_id=7647"},"modified":"2025-08-30T19:51:11","modified_gmt":"2025-08-30T22:51:11","slug":"programa-plenarias-07-setembro","status":"publish","type":"page","link":"https:\/\/enapol.com\/xii\/programa-plenarias-07-setembro\/","title":{"rendered":"Programa Plen\u00e1rias \u2022 07 SETEMBRO"},"content":{"rendered":"<div class=\"wpb-content-wrapper\">[vc_row][vc_column]<div class=\"vcex-spacing wpex-w-100 wpex-clear\" style=\"height:50px;\"><\/div>[\/vc_column][\/vc_row][vc_row][vc_column]<figure class=\"vcex-image vcex-module wpex-text-center\"><div class=\"vcex-image-inner wpex-relative wpex-inline-block\"><img width=\"800\" height=\"126\" src=\"https:\/\/enapol.com\/xii\/wp-content\/uploads\/sites\/10\/2025\/08\/top_programas_site.png\" class=\"vcex-image-img wpex-align-middle\" alt=\"\" loading=\"lazy\" decoding=\"async\" srcset=\"https:\/\/enapol.com\/xii\/wp-content\/uploads\/sites\/10\/2025\/08\/top_programas_site.png 800w, https:\/\/enapol.com\/xii\/wp-content\/uploads\/sites\/10\/2025\/08\/top_programas_site-300x47.png 300w, https:\/\/enapol.com\/xii\/wp-content\/uploads\/sites\/10\/2025\/08\/top_programas_site-768x121.png 768w, https:\/\/enapol.com\/xii\/wp-content\/uploads\/sites\/10\/2025\/08\/top_programas_site-500x79.png 500w, https:\/\/enapol.com\/xii\/wp-content\/uploads\/sites\/10\/2025\/08\/top_programas_site-700x110.png 700w\" sizes=\"(max-width: 800px) 100vw, 800px\" \/><\/div><\/figure>[vc_column_text css=&#8221;&#8221;]\n<h3 style=\"text-align: center;\"><span style=\"color: #847d76;\">PROGRAMA<\/span><br \/>\n<span style=\"color: #aaa192;\">XII<\/span> <span style=\"color: #847d76;\">ENAPOL<\/span><br \/>\n<span style=\"color: #847d76;\">PLEN\u00c1RIAS<\/span><\/h3>\n[\/vc_column_text]<div class=\"vcex-spacing wpex-w-100 wpex-clear\"><\/div><style>.vcex-button.vcex_69da67ebe8c71{background:var(--wpex-accent);color:#ffffff!important;}.vcex-button.vcex_69da67ebe8c71:hover{background:var(--wpex-accent-alt)!important;color:#ffffff!important;}<\/style><div class=\"theme-button-wrap textcenter wpex-clr\"><a href=\"https:\/\/enapol.com\/xii\/wp-content\/uploads\/sites\/10\/2025\/08\/PROGRAMA-CONVERSACOES-FEDERATIVAS-PORT.pdf\" class=\"vcex-button theme-button align-center inline vcex_69da67ebe8c71\"><span class=\"vcex-button-inner theme-button-inner wpex-flex wpex-flex-wrap wpex-items-center wpex-justify-center\">DOWNLOAD PDF<\/span><\/a><\/div> <div class=\"vcex-spacing wpex-w-100 wpex-clear\"><\/div><figure class=\"vcex-image vcex-module wpex-text-center\"><div class=\"vcex-image-inner wpex-relative wpex-inline-block\"><img width=\"595\" height=\"11\" src=\"https:\/\/enapol.com\/xii\/wp-content\/uploads\/sites\/10\/2025\/08\/linha_programas_site.png\" class=\"vcex-image-img wpex-align-middle\" alt=\"\" loading=\"lazy\" decoding=\"async\" srcset=\"https:\/\/enapol.com\/xii\/wp-content\/uploads\/sites\/10\/2025\/08\/linha_programas_site.png 595w, https:\/\/enapol.com\/xii\/wp-content\/uploads\/sites\/10\/2025\/08\/linha_programas_site-300x6.png 300w, https:\/\/enapol.com\/xii\/wp-content\/uploads\/sites\/10\/2025\/08\/linha_programas_site-500x9.png 500w\" sizes=\"(max-width: 595px) 100vw, 595px\" \/><\/div><\/figure><div class=\"vcex-spacing wpex-w-100 wpex-clear\"><\/div>[\/vc_column][\/vc_row][vc_row][vc_column][vc_column_text css=&#8221;&#8221;]\n<h4 style=\"text-align: center;\"><span style=\"color: #847d76;\">07 SETEMBRO <\/span><span style=\"color: #ff0000;\">\u2022<\/span> <span style=\"color: #847d76;\">DOMINGO<\/span><\/h4>\n[\/vc_column_text]<div class=\"vcex-spacing wpex-w-100 wpex-clear\"><\/div>[vc_column_text css=&#8221;.vc_custom_1756070888387{padding-top: 40px !important;padding-right: 40px !important;padding-bottom: 40px !important;padding-left: 40px !important;background-color: #f6f2ef!important !important;}&#8221;]\n<h3><span style=\"color: #ff0000;\"><strong>MANH\u00c3<\/strong><\/span><\/h3>\n<h4><span style=\"color: #ff0000;\">8h45 \u2022<\/span> <strong>Ensino do Passe<\/strong><\/h4>\n<p style=\"padding-left: 40px;\">A incid\u00eancia da palavra do Outro sobre a crian\u00e7a: trauma, fantasma e sintoma<\/p>\n<p style=\"padding-left: 40px;\">Apresenta: Ondina Machado (A.E. em exerc\u00edcio)<\/p>\n<p style=\"padding-left: 40px;\">Comenta: Christiane Alberti &#8211; Presidenta da AMP<\/p>\n<p style=\"padding-left: 40px;\">Preside: Ana Lydia Santiago &#8211; Secret\u00e1ria do Passe EBP\/AMP<\/p>\n<h4><span style=\"color: #ff0000;\">09h40 \u2022<\/span> <strong>O grito da crian\u00e7a<\/strong><\/h4>\n<p style=\"padding-left: 40px;\">Fio da meada: Fabi\u00e1n Naparstek (Argentina)<\/p>\n<p style=\"padding-left: 40px;\">Preside: Maria Jos\u00e9 Gontijo Salum (Brasil)<\/p>\n<p style=\"padding-left: 40px;\">Apresentam: Luc\u00edola Mac\u00eado (Brasil) e Natalia Kalejman (Argentina)<\/p>\n<p style=\"padding-left: 40px;\">Discutem: Romildo do R\u00eago Barros (Brasil) e Joaqu\u00edn Carrasco (Chile)<\/p>\n<h4><span style=\"color: #ff0000;\">10h50 \u2022<\/span> <strong>O urso e a baleia<\/strong><\/h4>\n<p style=\"padding-left: 40px;\">Apresenta: Ricardo Seldes (Argentina) \u2013 Presidente do XV Congresso da AMP<\/p>\n<p style=\"padding-left: 40px;\">Preside: Angelina Harari (Brasil)<\/p>\n<h4><span style=\"color: #ff0000;\">11h20 \u2022<\/span> <strong>Santa crian\u00e7a? <\/strong><\/h4>\n<p style=\"padding-left: 40px;\">J\u00e9sus Santiago (Brasil) puxa o fio da meada e junto com Ana Vigan\u00f3 (M\u00e9xico) recebem Mirta Berkoff (Argentina) e Gustavo Slatopolsky (Argentina) em uma conversa com Elisa Alvarenga (Brasil) e Paula Iturra (Chile)<\/p>\n<h4><span style=\"color: #ff0000;\">12h35 \u2022<\/span> <strong>As raz\u00f5es da nossa alegria<\/strong><\/h4>\n<p style=\"padding-left: 40px;\">Apresentam: Alejandra Breglia (Argentina), Luisa Arag\u00f3n (Guatemala) e Luiz Felipe Monteiro (Brasil)<\/p>\n<p style=\"padding-left: 40px;\">Preside: Jorge Forbes (Brasil)<\/p>\n<h4><span style=\"color: #ff0000;\">13h10 \u2022<\/span> <strong>Almo\u00e7o<\/strong><\/h4>\n<h3><span style=\"color: #ff0000;\"><strong>TARDE<\/strong><\/span><\/h3>\n<h4><span style=\"color: #ff0000;\">14h30 \u2022<\/span> <strong>A crian\u00e7a da transfer\u00eancia<\/strong><\/h4>\n<p style=\"padding-left: 40px;\">Fio da meada: Clara Holgu\u00edn (Col\u00f4mbia)<\/p>\n<p style=\"padding-left: 40px;\">Preside: Nicol\u00e1s Bouso\u00f1o (Argentina)<\/p>\n<p style=\"padding-left: 40px;\">Apresentam: Paula Vallejo (Argentina) e Gustavo Stiglitz (Argentina)<\/p>\n<p style=\"padding-left: 40px;\">Discutem: Diana Wolodarsky (Argentina) e Rodrigo Lyra (Brasil)<\/p>\n<h4><span style=\"color: #ff0000;\">15h40 \u2022<\/span> <strong>Instante de ler<\/strong><\/h4>\n<p style=\"padding-left: 40px;\">Apresentam: Mar\u00eda Hortensia C\u00e1rdenas (Peru) e Virg\u00ednia Carvalho (Brasil)<\/p>\n<p style=\"padding-left: 40px;\">Preside: Iordan Gurgel (Brasil)<\/p>\n<h4><span style=\"color: #ff0000;\">16h \u2022<\/span> <strong>Ainda estou aqui<\/strong><\/h4>\n<p style=\"padding-left: 40px;\">Gabriela Grinbaum (Argentina) puxa o fio da meada e junto com Ludmilla F\u00e9res Faria (Brasil) recebem Oscar Reymundo (Brasil) e S\u00e9rgio Laia (Brasil) em uma conversa com Celeste Vi\u00f1al (Argentina) e Maria Josefina Sota Fuentes (Brasil)<\/p>\n<h4><span style=\"color: #ff0000;\">17h15 \u2022<\/span> <strong>Carta \u00e0 crian\u00e7a lacaniana <\/strong><\/h4>\n<p style=\"padding-left: 40px;\">Por Flory Kruger (Argentina) \u2013 Presidenta de Honra da FAPOL<\/p>\n<h4><span style=\"color: #ff0000;\">17h30 \u2022<\/span> <strong>Encerramento<\/strong><\/h4>\n<p style=\"padding-left: 40px;\">Com o Bureau FAPOL e o Comit\u00ea Diretor<\/p>\n[\/vc_column_text][\/vc_column][\/vc_row][vc_row][vc_column][vc_column_text]\n[\/vc_column_text][\/vc_column][\/vc_row]\n<\/div>","protected":false},"excerpt":{"rendered":"<p>[vc_row][vc_column][\/vc_column][\/vc_row][vc_row][vc_column][vc_column_text css=&#8221;&#8221;] PROGRAMA XII ENAPOL PLEN\u00c1RIAS [\/vc_column_text][\/vc_column][\/vc_row][vc_row][vc_column][vc_column_text css=&#8221;&#8221;] 07 SETEMBRO \u2022 DOMINGO [\/vc_column_text][vc_column_text css=&#8221;.vc_custom_1756070888387{padding-top: 40px !important;padding-right: 40px !important;padding-bottom: 40px !important;padding-left: 40px !important;background-color: #f6f2ef!important !important;}&#8221;] MANH\u00c3 8h45 \u2022 Ensino do Passe A incid\u00eancia da palavra do Outro sobre a crian\u00e7a: trauma, fantasma e sintoma Apresenta: Ondina Machado (A.E. em exerc\u00edcio) Comenta: Christiane Alberti &#8211; Presidenta da&hellip;<\/p>\n","protected":false},"author":3,"featured_media":0,"parent":0,"menu_order":0,"comment_status":"closed","ping_status":"closed","template":"","meta":{"_monsterinsights_skip_tracking":false,"_monsterinsights_sitenote_active":false,"_monsterinsights_sitenote_note":"","_monsterinsights_sitenote_category":0,"footnotes":""},"_links":{"self":[{"href":"https:\/\/enapol.com\/xii\/wp-json\/wp\/v2\/pages\/7647"}],"collection":[{"href":"https:\/\/enapol.com\/xii\/wp-json\/wp\/v2\/pages"}],"about":[{"href":"https:\/\/enapol.com\/xii\/wp-json\/wp\/v2\/types\/page"}],"author":[{"embeddable":true,"href":"https:\/\/enapol.com\/xii\/wp-json\/wp\/v2\/users\/3"}],"replies":[{"embeddable":true,"href":"https:\/\/enapol.com\/xii\/wp-json\/wp\/v2\/comments?post=7647"}],"version-history":[{"count":2,"href":"https:\/\/enapol.com\/xii\/wp-json\/wp\/v2\/pages\/7647\/revisions"}],"predecessor-version":[{"id":7875,"href":"https:\/\/enapol.com\/xii\/wp-json\/wp\/v2\/pages\/7647\/revisions\/7875"}],"wp:attachment":[{"href":"https:\/\/enapol.com\/xii\/wp-json\/wp\/v2\/media?parent=7647"}],"curies":[{"name":"wp","href":"https:\/\/api.w.org\/{rel}","templated":true}]}}