{"id":780,"date":"2024-12-15T11:25:50","date_gmt":"2024-12-15T14:25:50","guid":{"rendered":"https:\/\/enapol.com\/xii\/?page_id=780"},"modified":"2025-05-05T05:15:40","modified_gmt":"2025-05-05T08:15:40","slug":"envio-de-trabalhos","status":"publish","type":"page","link":"https:\/\/enapol.com\/xii\/encontro\/jornada-clinica\/envio-de-trabalhos\/","title":{"rendered":"Envio de trabalhos"},"content":{"rendered":"<div class=\"wpb-content-wrapper\">[vc_row][vc_column]<div class=\"vcex-spacing wpex-w-100 wpex-clear\" style=\"height:50px;\"><\/div>[\/vc_column][\/vc_row][vc_row][vc_column][vc_column_text css=&#8221;&#8221;]\n<article id=\"single-blocks\" class=\"single-page-article wpex-clr\">\n<div class=\"single-page-content single-content entry wpex-clr\">\n<div class=\"wpb-content-wrapper\">\n<div class=\"vc_row wpb_row vc_row-fluid wpex-relative\">\n<div class=\"wpb_column vc_column_container vc_col-sm-12\">\n<div class=\"vc_column-inner\">\n<div class=\"wpb_wrapper\">\n<div class=\"wpb_text_column wpb_content_element\">\n<div class=\"wpb_wrapper\">\n<h3><span style=\"color: #ff0000;\"><strong>Chamada para o envio de trabalhos &#8211; Jornada Cl\u00ednica do XII ENAPOL<\/strong><\/span><\/h3>\n<h3><span style=\"color: #ff0000;\"><strong>\u201cFalar com a crian\u00e7a\u201d<\/strong><\/span><\/h3>\n<p>Convidamos voc\u00ea a participar da <strong>Jornada Cl\u00ednica do XII ENAPOL<\/strong>, que acontecer\u00e1 de forma exclusivamente remota e ser\u00e1 estruturada a partir de 4 eixos:<\/p>\n<ul>\n<li>Falar de \u201cisso de que n\u00e3o se pode falar\u201d<\/li>\n<li>Falar\u2026 \u201ctestemunhar da melhor maneira a verdade mentirosa\u201d<\/li>\n<li>Falar com a crian\u00e7a sob transfer\u00eancia<\/li>\n<li>O que fala a psican\u00e1lise da crian\u00e7a generalizada<\/li>\n<\/ul>\n<p>Voc\u00ea pode consultar o argumento epist\u00eamico do tema, assim como as ementas de cada eixo, no site <strong>www.enapol.com<\/strong><\/p>\n<p><strong><em>\u00a0<\/em><\/strong><strong>Aspectos a serem considerados na constru\u00e7\u00e3o do caso cl\u00ednico<\/strong><\/p>\n<table border=\"1\" width=\"100%\" cellspacing=\"5\" cellpadding=\"5\">\n<tbody>\n<tr>\n<td>\n<ol>\n<li><strong>Que a apresenta\u00e7\u00e3o do caso, como resultado de um trabalho de concis\u00e3o, possa destacar os aspectos relevantes para a discuss\u00e3o do tema.<\/strong><\/li>\n<li><strong>Que, na apresenta\u00e7\u00e3o do caso, esteja assinalado os efeitos produzidos no encontro com o praticante.<\/strong><\/li>\n<li><strong>Que uma quest\u00e3o seja proposta para a discuss\u00e3o, considerando a tem\u00e1tica do eixo para o qual o trabalho estiver endere\u00e7ado.<\/strong><\/li>\n<\/ol>\n<\/td>\n<\/tr>\n<\/tbody>\n<\/table>\n<p><strong><em>\u00a0<\/em><\/strong><strong>Diretrizes para o envio de trabalhos:<\/strong><\/p>\n<p>Para enviar um trabalho \u00e9 necess\u00e1rio, primeiro,<strong>\u00a0estar inscrito no XII ENAPOL.<\/strong><\/p>\n<p>N\u00e3o \u00e9 preciso ser membro de alguma Escola.<\/p>\n<p>A comiss\u00e3o respons\u00e1vel pela Jornada Cl\u00ednica far\u00e1 a leitura dos textos e sele\u00e7\u00e3o dos trabalhos.<\/p>\n<p>Ser\u00e3o aceitos para sele\u00e7\u00e3o\u00a0<strong>somente casos cl\u00ednicos extra\u00eddos da pr\u00f3pria pr\u00e1tica, seja no consult\u00f3rio ou nas institui\u00e7\u00f5es.\u00a0<\/strong>\u00a0Os casos dever\u00e3o inserir-se em um dos 4 eixos acima citados.<\/p>\n<p>O trabalho deve ser enviado at\u00e9\u00a0<strong>02 de junho de 2025<\/strong>\u00a0para o seguinte e-mail:\u00a0<a href=\"mailto:jornadaclinica2025enapol@gmail.com\">jornadaclinica2025enapol@gmail.com<\/a> \u00a0\u2013 exclusivamente para o recebimento de trabalhos.<\/p>\n<p><strong>No assunto do e-mail<\/strong>\u00a0deve constar: Nome do autor, pa\u00eds onde reside, n\u00famero do eixo sobre o qual escolheu escrever.<\/p>\n<p><strong>No trabalho deve constar: <\/strong>T\u00edtulo do trabalho e, logo abaixo, o nome completo do autor, seu e-mail, o pa\u00eds onde reside, seu n\u00famero de telefone e o eixo ao qual o trabalho est\u00e1 relacionado.<\/p>\n<p>O texto dever\u00e1 ser formatado em\u00a0<strong>Word, fonte Times New Roman, tamanho 12, justificado, espa\u00e7amento 1,5 entre as linhas.<\/strong><\/p>\n<p>O texto dever\u00e1 ter no m\u00e1ximo\u00a0<strong>4500 caracteres<\/strong>\u00a0<strong>incluindo, ao todo, os espa\u00e7os, as notas, se houver, e as refer\u00eancias bibliogr\u00e1ficas.<\/strong><\/p>\n<p>As refer\u00eancias bibliogr\u00e1ficas citadas devem ser apresentadas da seguinte forma:<\/p>\n<ul>\n<li>Livros: Autor, T\u00edtulo do livro, \u201ct\u00edtulo do artigo ou cap\u00edtulo\u201d, local, editora, ano, p\u00e1gina.<\/li>\n<li>Artigos em peri\u00f3dicos: Autor. T\u00edtulo do artigo. Nome da revista, n\u00famero, volume, p\u00e1ginas do artigo, m\u00eas\/ano. Indicar endere\u00e7o eletr\u00f4nico e data de acesso se for o caso.<\/li>\n<\/ul>\n<p><strong>Voc\u00ea receber\u00e1 a confirma\u00e7\u00e3o do recebimento do trabalho, por favor, verifique, tamb\u00e9m, sua caixa de Spam.<\/strong><\/p>\n<p>Os trabalhos selecionados ser\u00e3o enviados novamente aos autores para que\u00a0<strong>cada um se encarregue da sua\u00a0tradu\u00e7\u00e3o.<\/strong>\u00a0Solicitamos um cuidado especial com a tradu\u00e7\u00e3o para que a transmiss\u00e3o do caso n\u00e3o seja comprometida, por isso,\u00a0<strong>sugerimos que a tradu\u00e7\u00e3o seja enviada para uma revis\u00e3o, tamb\u00e9m ao encargo do autor do texto.<\/strong><\/p>\n<\/div>\n<\/div>\n<\/div>\n<\/div>\n<\/div>\n<\/div>\n<\/div>\n<\/div>\n<\/article>\n[\/vc_column_text][\/vc_column][\/vc_row]\n<\/div>","protected":false},"excerpt":{"rendered":"<p>[vc_row][vc_column][\/vc_column][\/vc_row][vc_row][vc_column][vc_column_text css=&#8221;&#8221;] Chamada para o envio de trabalhos &#8211; Jornada Cl\u00ednica do XII ENAPOL \u201cFalar com a crian\u00e7a\u201d Convidamos voc\u00ea a participar da Jornada Cl\u00ednica do XII ENAPOL, que acontecer\u00e1 de forma exclusivamente remota e ser\u00e1 estruturada a partir de 4 eixos: Falar de \u201cisso de que n\u00e3o se pode falar\u201d Falar\u2026 \u201ctestemunhar da melhor&hellip;<\/p>\n","protected":false},"author":3,"featured_media":0,"parent":641,"menu_order":0,"comment_status":"closed","ping_status":"closed","template":"templates\/no-sidebar.php","meta":{"_monsterinsights_skip_tracking":false,"_monsterinsights_sitenote_active":false,"_monsterinsights_sitenote_note":"","_monsterinsights_sitenote_category":0,"footnotes":""},"_links":{"self":[{"href":"https:\/\/enapol.com\/xii\/wp-json\/wp\/v2\/pages\/780"}],"collection":[{"href":"https:\/\/enapol.com\/xii\/wp-json\/wp\/v2\/pages"}],"about":[{"href":"https:\/\/enapol.com\/xii\/wp-json\/wp\/v2\/types\/page"}],"author":[{"embeddable":true,"href":"https:\/\/enapol.com\/xii\/wp-json\/wp\/v2\/users\/3"}],"replies":[{"embeddable":true,"href":"https:\/\/enapol.com\/xii\/wp-json\/wp\/v2\/comments?post=780"}],"version-history":[{"count":14,"href":"https:\/\/enapol.com\/xii\/wp-json\/wp\/v2\/pages\/780\/revisions"}],"predecessor-version":[{"id":4652,"href":"https:\/\/enapol.com\/xii\/wp-json\/wp\/v2\/pages\/780\/revisions\/4652"}],"up":[{"embeddable":true,"href":"https:\/\/enapol.com\/xii\/wp-json\/wp\/v2\/pages\/641"}],"wp:attachment":[{"href":"https:\/\/enapol.com\/xii\/wp-json\/wp\/v2\/media?parent=780"}],"curies":[{"name":"wp","href":"https:\/\/api.w.org\/{rel}","templated":true}]}}