{"id":7979,"date":"2025-09-22T08:20:06","date_gmt":"2025-09-22T11:20:06","guid":{"rendered":"https:\/\/enapol.com\/xii\/?page_id=7979"},"modified":"2025-10-02T11:57:34","modified_gmt":"2025-10-02T14:57:34","slug":"galeria-de-fotos","status":"publish","type":"page","link":"https:\/\/enapol.com\/xii\/galeria-de-fotos\/","title":{"rendered":"Galeria de fotos e v\u00eddeos"},"content":{"rendered":"<div class=\"wpb-content-wrapper\">[vc_row][vc_column][vc_column_text css=&#8221;&#8221;]\n<h3 style=\"text-align: left;\"><span style=\"color: #ff0000;\">Galeria do XII ENAPOL<\/span><\/h3>\n<p style=\"text-align: left;\"><strong>Galeria do XII ENAPOL \u2014\u00a0<\/strong>Confira as fotos e v\u00eddeos j\u00e1 dispon\u00edveis e acrescente os seus tamb\u00e9m, subindo-os no Drive!<\/p>\n[\/vc_column_text][\/vc_column][\/vc_row][vc_row][vc_column width=&#8221;1\/6&#8243;]<style>.vcex-button.vcex_69d540d371696{background:var(--wpex-accent);color:#fefefe!important;}.vcex-button.vcex_69d540d371696:hover{background:var(--wpex-accent-alt)!important;color:#ffffff!important;}<\/style><div class=\"theme-button-wrap textcenter wpex-clr\"><a href=\"https:\/\/drive.google.com\/drive\/folders\/1gU9ZKA1sqiKS5jd2B2mfQ-VLrYB5fZUb?usp=drive_link\" class=\"vcex-button theme-button align-center inline vcex_69d540d371696\"><span class=\"vcex-button-inner theme-button-inner wpex-flex wpex-flex-wrap wpex-items-center wpex-justify-center\">FOTOS 1<\/span><\/a><\/div> [\/vc_column][vc_column width=&#8221;1\/6&#8243;]<style>.vcex-button.vcex_69d540d372265{background:var(--wpex-accent);color:#fefefe!important;}.vcex-button.vcex_69d540d372265:hover{background:var(--wpex-accent-alt)!important;color:#ffffff!important;}<\/style><div class=\"theme-button-wrap textcenter wpex-clr\"><a href=\"https:\/\/drive.google.com\/drive\/folders\/1Td5rwJ9PoHUzlKtyp0GIrDfBYl9-eHrR?usp=drive_link\" class=\"vcex-button theme-button align-center inline vcex_69d540d372265\"><span class=\"vcex-button-inner theme-button-inner wpex-flex wpex-flex-wrap wpex-items-center wpex-justify-center\">FOTOS 2<\/span><\/a><\/div> [\/vc_column][vc_column width=&#8221;1\/6&#8243;]<style>.vcex-button.vcex_69d540d3728d6{background:var(--wpex-accent);color:#fefefe!important;}.vcex-button.vcex_69d540d3728d6:hover{background:var(--wpex-accent-alt)!important;color:#ffffff!important;}<\/style><div class=\"theme-button-wrap textcenter wpex-clr\"><a href=\"https:\/\/drive.google.com\/drive\/folders\/1PDCDCndo41wPXyjGM1PAME3WQt_GBAP0?usp=drive_link\" class=\"vcex-button theme-button align-center inline vcex_69d540d3728d6\"><span class=\"vcex-button-inner theme-button-inner wpex-flex wpex-flex-wrap wpex-items-center wpex-justify-center\">V\u00cdDEOS 1<\/span><\/a><\/div> [\/vc_column][vc_column width=&#8221;1\/6&#8243;]<style>.vcex-button.vcex_69d540d372f3b{background:var(--wpex-accent);color:#fefefe!important;}.vcex-button.vcex_69d540d372f3b:hover{background:var(--wpex-accent-alt)!important;color:#ffffff!important;}<\/style><div class=\"theme-button-wrap textcenter wpex-clr\"><a href=\"https:\/\/drive.google.com\/drive\/folders\/1gtqWvSLkBJdq45y7erMcaA1LBnlGjW_I?usp=drive_link\" class=\"vcex-button theme-button align-center inline vcex_69d540d372f3b\"><span class=\"vcex-button-inner theme-button-inner wpex-flex wpex-flex-wrap wpex-items-center wpex-justify-center\">V\u00cdDEOS 2<\/span><\/a><\/div> [\/vc_column][vc_column width=&#8221;1\/6&#8243;][\/vc_column][vc_column width=&#8221;1\/6&#8243;][\/vc_column][\/vc_row]\n<\/div>","protected":false},"excerpt":{"rendered":"<p>[vc_row][vc_column][vc_column_text css=&#8221;&#8221;] Galeria do XII ENAPOL Galeria do XII ENAPOL \u2014\u00a0Confira as fotos e v\u00eddeos j\u00e1 dispon\u00edveis e acrescente os seus tamb\u00e9m, subindo-os no Drive! [\/vc_column_text][\/vc_column][\/vc_row][vc_row][vc_column width=&#8221;1\/6&#8243;][\/vc_column][vc_column width=&#8221;1\/6&#8243;][\/vc_column][vc_column width=&#8221;1\/6&#8243;][\/vc_column][vc_column width=&#8221;1\/6&#8243;][\/vc_column][vc_column width=&#8221;1\/6&#8243;][\/vc_column][vc_column width=&#8221;1\/6&#8243;][\/vc_column][\/vc_row]<\/p>\n","protected":false},"author":3,"featured_media":0,"parent":0,"menu_order":0,"comment_status":"closed","ping_status":"closed","template":"","meta":{"_monsterinsights_skip_tracking":false,"_monsterinsights_sitenote_active":false,"_monsterinsights_sitenote_note":"","_monsterinsights_sitenote_category":0,"footnotes":""},"_links":{"self":[{"href":"https:\/\/enapol.com\/xii\/wp-json\/wp\/v2\/pages\/7979"}],"collection":[{"href":"https:\/\/enapol.com\/xii\/wp-json\/wp\/v2\/pages"}],"about":[{"href":"https:\/\/enapol.com\/xii\/wp-json\/wp\/v2\/types\/page"}],"author":[{"embeddable":true,"href":"https:\/\/enapol.com\/xii\/wp-json\/wp\/v2\/users\/3"}],"replies":[{"embeddable":true,"href":"https:\/\/enapol.com\/xii\/wp-json\/wp\/v2\/comments?post=7979"}],"version-history":[{"count":7,"href":"https:\/\/enapol.com\/xii\/wp-json\/wp\/v2\/pages\/7979\/revisions"}],"predecessor-version":[{"id":7996,"href":"https:\/\/enapol.com\/xii\/wp-json\/wp\/v2\/pages\/7979\/revisions\/7996"}],"wp:attachment":[{"href":"https:\/\/enapol.com\/xii\/wp-json\/wp\/v2\/media?parent=7979"}],"curies":[{"name":"wp","href":"https:\/\/api.w.org\/{rel}","templated":true}]}}