{"id":18,"date":"2020-11-15T22:47:23","date_gmt":"2020-11-16T01:47:23","guid":{"rendered":"http:\/\/x-enapol.org\/pt\/?page_id=18"},"modified":"2021-10-04T12:23:13","modified_gmt":"2021-10-04T15:23:13","slug":"programa","status":"publish","type":"page","link":"https:\/\/enapol.com\/xpt\/encontro\/programa\/","title":{"rendered":"Programa"},"content":{"rendered":"<p>[fusion_builder_container type=\u00bbflex\u00bb hundred_percent=\u00bbno\u00bb hundred_percent_height=\u00bbno\u00bb min_height=\u00bb\u00bb hundred_percent_height_scroll=\u00bbno\u00bb align_content=\u00bbstretch\u00bb flex_align_items=\u00bbflex-start\u00bb flex_justify_content=\u00bbflex-start\u00bb flex_column_spacing=\u00bb\u00bb hundred_percent_height_center_content=\u00bbyes\u00bb equal_height_columns=\u00bbno\u00bb container_tag=\u00bbdiv\u00bb menu_anchor=\u00bb\u00bb hide_on_mobile=\u00bbsmall-visibility,medium-visibility,large-visibility\u00bb status=\u00bbpublished\u00bb publish_date=\u00bb\u00bb class=\u00bb\u00bb id=\u00bb\u00bb link_color=\u00bb\u00bb link_hover_color=\u00bb\u00bb border_sizes=\u00bb\u00bb border_sizes_top=\u00bb\u00bb border_sizes_right=\u00bb\u00bb border_sizes_bottom=\u00bb\u00bb border_sizes_left=\u00bb\u00bb border_color=\u00bb\u00bb border_style=\u00bbsolid\u00bb spacing_medium=\u00bb\u00bb margin_top_medium=\u00bb\u00bb margin_bottom_medium=\u00bb\u00bb spacing_small=\u00bb\u00bb margin_top_small=\u00bb\u00bb margin_bottom_small=\u00bb\u00bb margin_top=\u00bb\u00bb margin_bottom=\u00bb\u00bb padding_dimensions_medium=\u00bb\u00bb padding_top_medium=\u00bb\u00bb padding_right_medium=\u00bb\u00bb padding_bottom_medium=\u00bb\u00bb padding_left_medium=\u00bb\u00bb padding_dimensions_small=\u00bb\u00bb padding_top_small=\u00bb\u00bb padding_right_small=\u00bb\u00bb padding_bottom_small=\u00bb\u00bb padding_left_small=\u00bb\u00bb padding_top=\u00bb\u00bb padding_right=\u00bb\u00bb padding_bottom=\u00bb\u00bb padding_left=\u00bb\u00bb box_shadow=\u00bbno\u00bb box_shadow_vertical=\u00bb\u00bb box_shadow_horizontal=\u00bb\u00bb box_shadow_blur=\u00bb0&#8243; box_shadow_spread=\u00bb0&#8243; box_shadow_color=\u00bb\u00bb box_shadow_style=\u00bb\u00bb z_index=\u00bb\u00bb overflow=\u00bb\u00bb gradient_start_color=\u00bb\u00bb gradient_end_color=\u00bb\u00bb gradient_start_position=\u00bb0&#8243; gradient_end_position=\u00bb100&#8243; gradient_type=\u00bblinear\u00bb radial_direction=\u00bbcenter center\u00bb linear_angle=\u00bb180&#8243; background_color=\u00bb\u00bb background_image=\u00bb\u00bb background_position=\u00bbcenter center\u00bb background_repeat=\u00bbno-repeat\u00bb fade=\u00bbno\u00bb background_parallax=\u00bbnone\u00bb enable_mobile=\u00bbno\u00bb parallax_speed=\u00bb0.3&#8243; background_blend_mode=\u00bbnone\u00bb video_mp4=\u00bb\u00bb video_webm=\u00bb\u00bb video_ogv=\u00bb\u00bb video_url=\u00bb\u00bb video_aspect_ratio=\u00bb16:9&#8243; video_loop=\u00bbyes\u00bb video_mute=\u00bbyes\u00bb video_preview_image=\u00bb\u00bb absolute=\u00bboff\u00bb absolute_devices=\u00bbsmall,medium,large\u00bb sticky=\u00bboff\u00bb sticky_devices=\u00bbsmall-visibility,medium-visibility,large-visibility\u00bb sticky_background_color=\u00bb\u00bb sticky_height=\u00bb\u00bb sticky_offset=\u00bb\u00bb sticky_transition_offset=\u00bb0&#8243; scroll_offset=\u00bb0&#8243; animation_type=\u00bb\u00bb animation_direction=\u00bbleft\u00bb animation_speed=\u00bb0.3&#8243; animation_offset=\u00bb\u00bb filter_hue=\u00bb0&#8243; filter_saturation=\u00bb100&#8243; filter_brightness=\u00bb100&#8243; filter_contrast=\u00bb100&#8243; filter_invert=\u00bb0&#8243; filter_sepia=\u00bb0&#8243; filter_opacity=\u00bb100&#8243; filter_blur=\u00bb0&#8243; filter_hue_hover=\u00bb0&#8243; filter_saturation_hover=\u00bb100&#8243; filter_brightness_hover=\u00bb100&#8243; filter_contrast_hover=\u00bb100&#8243; filter_invert_hover=\u00bb0&#8243; filter_sepia_hover=\u00bb0&#8243; filter_opacity_hover=\u00bb100&#8243; filter_blur_hover=\u00bb0&#8243;][fusion_builder_row][fusion_builder_column type=\u00bb1_1&#8243; layout=\u00bb1_1&#8243; align_self=\u00bbauto\u00bb content_layout=\u00bbcolumn\u00bb align_content=\u00bbflex-start\u00bb content_wrap=\u00bbwrap\u00bb spacing=\u00bb\u00bb center_content=\u00bbno\u00bb link=\u00bb\u00bb target=\u00bb_self\u00bb min_height=\u00bb\u00bb hide_on_mobile=\u00bbsmall-visibility,medium-visibility,large-visibility\u00bb sticky_display=\u00bbnormal,sticky\u00bb class=\u00bb\u00bb id=\u00bb\u00bb type_medium=\u00bb\u00bb type_small=\u00bb\u00bb order_medium=\u00bb0&#8243; order_small=\u00bb0&#8243; dimension_spacing_medium=\u00bb\u00bb dimension_spacing_small=\u00bb\u00bb dimension_spacing=\u00bb\u00bb dimension_margin_medium=\u00bb\u00bb dimension_margin_small=\u00bb\u00bb margin_top=\u00bb\u00bb margin_bottom=\u00bb\u00bb padding_medium=\u00bb\u00bb padding_small=\u00bb\u00bb padding_top=\u00bb\u00bb padding_right=\u00bb\u00bb padding_bottom=\u00bb\u00bb padding_left=\u00bb\u00bb hover_type=\u00bbnone\u00bb border_sizes=\u00bb\u00bb border_color=\u00bb\u00bb border_style=\u00bbsolid\u00bb border_radius=\u00bb\u00bb box_shadow=\u00bbno\u00bb dimension_box_shadow=\u00bb\u00bb box_shadow_blur=\u00bb0&#8243; box_shadow_spread=\u00bb0&#8243; box_shadow_color=\u00bb\u00bb box_shadow_style=\u00bb\u00bb background_type=\u00bbsingle\u00bb gradient_start_color=\u00bb\u00bb gradient_end_color=\u00bb\u00bb gradient_start_position=\u00bb0&#8243; gradient_end_position=\u00bb100&#8243; gradient_type=\u00bblinear\u00bb radial_direction=\u00bbcenter center\u00bb linear_angle=\u00bb180&#8243; background_color=\u00bb\u00bb background_image=\u00bb\u00bb background_image_id=\u00bb\u00bb background_position=\u00bbleft top\u00bb background_repeat=\u00bbno-repeat\u00bb background_blend_mode=\u00bbnone\u00bb animation_type=\u00bb\u00bb animation_direction=\u00bbleft\u00bb animation_speed=\u00bb0.3&#8243; animation_offset=\u00bb\u00bb filter_type=\u00bbregular\u00bb filter_hue=\u00bb0&#8243; filter_saturation=\u00bb100&#8243; filter_brightness=\u00bb100&#8243; filter_contrast=\u00bb100&#8243; filter_invert=\u00bb0&#8243; filter_sepia=\u00bb0&#8243; filter_opacity=\u00bb100&#8243; filter_blur=\u00bb0&#8243; filter_hue_hover=\u00bb0&#8243; filter_saturation_hover=\u00bb100&#8243; filter_brightness_hover=\u00bb100&#8243; filter_contrast_hover=\u00bb100&#8243; filter_invert_hover=\u00bb0&#8243; filter_sepia_hover=\u00bb0&#8243; filter_opacity_hover=\u00bb100&#8243; filter_blur_hover=\u00bb0&#8243; last=\u00bbtrue\u00bb border_position=\u00bball\u00bb first=\u00bbtrue\u00bb][fusion_alert type=\u00bberror\u00bb accent_color=\u00bb#808080&#8243; background_color=\u00bb#ffffff\u00bb border_size=\u00bb\u00bb icon=\u00bb\u00bb text_align=\u00bb\u00bb margin_top=\u00bb\u00bb margin_right=\u00bb\u00bb margin_bottom=\u00bb\u00bb margin_left=\u00bb\u00bb text_transform=\u00bb\u00bb dismissable=\u00bbno\u00bb box_shadow=\u00bb\u00bb hide_on_mobile=\u00bbsmall-visibility,medium-visibility,large-visibility\u00bb sticky_display=\u00bbnormal,sticky\u00bb class=\u00bb\u00bb id=\u00bb\u00bb animation_type=\u00bb\u00bb animation_direction=\u00bbleft\u00bb animation_speed=\u00bb0.3&#8243; animation_offset=\u00bb\u00bb]<\/p>\n<p>A programa\u00e7\u00e3o est\u00e1 apresentada com base no fuso hor\u00e1rio do Chile<\/p>\n<p>[\/fusion_alert][fusion_content_boxes layout=\u00bbicon-boxed\u00bb columns=\u00bb3&#8243; link_type=\u00bbbutton-bar\u00bb button_span=\u00bb\u00bb link_area=\u00bblink-icon\u00bb link_target=\u00bb_self\u00bb icon_align=\u00bbleft\u00bb animation_type=\u00bbfade\u00bb animation_direction=\u00bbdown\u00bb animation_speed=\u00bb0.5&#8243; animation_delay=\u00bb\u00bb animation_offset=\u00bb\u00bb hide_on_mobile=\u00bbsmall-visibility,medium-visibility,large-visibility\u00bb class=\u00bb\u00bb id=\u00bb\u00bb title_size=\u00bb20&#8243; heading_size=\u00bb2&#8243; title_color=\u00bb\u00bb body_color=\u00bb\u00bb backgroundcolor=\u00bb\u00bb icon=\u00bb\u00bb iconflip=\u00bb\u00bb iconrotate=\u00bb\u00bb iconspin=\u00bbno\u00bb iconcolor=\u00bb\u00bb icon_circle=\u00bb\u00bb icon_circle_radius=\u00bb\u00bb circlecolor=\u00bb\u00bb circlebordersize=\u00bb\u00bb circlebordercolor=\u00bb\u00bb outercirclebordersize=\u00bb\u00bb outercirclebordercolor=\u00bb\u00bb icon_size=\u00bb\u00bb icon_hover_type=\u00bbpulsate\u00bb hover_accent_color=\u00bb\u00bb image=\u00bb\u00bb image_id=\u00bb\u00bb image_max_width=\u00bb\u00bb margin_top=\u00bb40px\u00bb margin_bottom=\u00bb\u00bb][fusion_content_box title=\u00bbSexta Feira, 8 de Outubro\u00bb backgroundcolor=\u00bb#0b0b0f\u00bb icon=\u00bbfa-angle-down fas\u00bb iconflip=\u00bb\u00bb iconrotate=\u00bb\u00bb iconspin=\u00bb\u00bb iconcolor=\u00bb#0b0b0f\u00bb circlecolor=\u00bb#ff8700&#8243; circlebordersize=\u00bb\u00bb circlebordercolor=\u00bb\u00bb outercirclebordersize=\u00bb\u00bb outercirclebordercolor=\u00bb\u00bb image=\u00bb\u00bb image_id=\u00bb\u00bb image_max_width=\u00bb\u00bb link=\u00bbhttp:\/\/enapol.com\/pt\/encontro\/programa\/sexta-feira-8-de-outubro\/\u00bb linktext=\u00bbAMPLIAR\u00bb link_target=\u00bb_self\u00bb animation_type=\u00bb\u00bb animation_direction=\u00bbleft\u00bb animation_speed=\u00bb0.3&#8243; animation_offset=\u00bb\u00bb \/][fusion_content_box title=\u00bbS\u00e1bado, 9 de Outubro\u00bb backgroundcolor=\u00bb#0b0b0f\u00bb icon=\u00bbfa-angle-down fas\u00bb iconflip=\u00bb\u00bb iconrotate=\u00bb\u00bb iconspin=\u00bb\u00bb iconcolor=\u00bb#0b0b0f\u00bb circlecolor=\u00bb#ff8700&#8243; circlebordersize=\u00bb\u00bb circlebordercolor=\u00bb\u00bb outercirclebordersize=\u00bb\u00bb outercirclebordercolor=\u00bb\u00bb image=\u00bb\u00bb image_id=\u00bb\u00bb image_max_width=\u00bb\u00bb link=\u00bbhttp:\/\/enapol.com\/pt\/encontro\/programa\/sabado-9-de-outubro\/\u00bb linktext=\u00bbAMPLIAR\u00bb link_target=\u00bb_self\u00bb animation_type=\u00bb\u00bb animation_direction=\u00bbleft\u00bb animation_speed=\u00bb0.3&#8243; animation_offset=\u00bb\u00bb \/][fusion_content_box title=\u00bbDomingo, 10 de Outubro\u00bb backgroundcolor=\u00bb#0b0b0f\u00bb icon=\u00bbfa-angle-down fas\u00bb iconflip=\u00bb\u00bb iconrotate=\u00bb\u00bb iconspin=\u00bb\u00bb iconcolor=\u00bb#0b0b0f\u00bb circlecolor=\u00bb#ff8700&#8243; circlebordersize=\u00bb\u00bb circlebordercolor=\u00bb\u00bb outercirclebordersize=\u00bb\u00bb outercirclebordercolor=\u00bb\u00bb image=\u00bb\u00bb image_id=\u00bb\u00bb image_max_width=\u00bb\u00bb link=\u00bbhttp:\/\/enapol.com\/pt\/encontro\/programa\/domingo-10-de-outubro\/\u00bb linktext=\u00bbAMPLIAR\u00bb link_target=\u00bb_self\u00bb animation_type=\u00bb\u00bb animation_direction=\u00bbleft\u00bb animation_speed=\u00bb0.3&#8243; animation_offset=\u00bb\u00bb \/][\/fusion_content_boxes][\/fusion_builder_column][\/fusion_builder_row][\/fusion_builder_container]<\/p>\n","protected":false},"excerpt":{"rendered":"<p>[fusion_builder_container type=\u00bbflex\u00bb hundred_percent=\u00bbno\u00bb hundred_percent_height=\u00bbno\u00bb min_height=\u00bb\u00bb hundred_percent_height_scroll=\u00bbno\u00bb align_content=\u00bbstretch\u00bb flex_align_items=\u00bbflex-start\u00bb flex_justify_content=\u00bbflex-start\u00bb flex_column_spacing=\u00bb\u00bb<\/p>\n","protected":false},"author":1,"featured_media":0,"parent":8,"menu_order":5,"comment_status":"closed","ping_status":"closed","template":"","meta":{"_monsterinsights_skip_tracking":false,"_monsterinsights_sitenote_active":false,"_monsterinsights_sitenote_note":"","_monsterinsights_sitenote_category":0,"footnotes":""},"_links":{"self":[{"href":"https:\/\/enapol.com\/xpt\/wp-json\/wp\/v2\/pages\/18"}],"collection":[{"href":"https:\/\/enapol.com\/xpt\/wp-json\/wp\/v2\/pages"}],"about":[{"href":"https:\/\/enapol.com\/xpt\/wp-json\/wp\/v2\/types\/page"}],"author":[{"embeddable":true,"href":"https:\/\/enapol.com\/xpt\/wp-json\/wp\/v2\/users\/1"}],"replies":[{"embeddable":true,"href":"https:\/\/enapol.com\/xpt\/wp-json\/wp\/v2\/comments?post=18"}],"version-history":[{"count":15,"href":"https:\/\/enapol.com\/xpt\/wp-json\/wp\/v2\/pages\/18\/revisions"}],"predecessor-version":[{"id":1331,"href":"https:\/\/enapol.com\/xpt\/wp-json\/wp\/v2\/pages\/18\/revisions\/1331"}],"up":[{"embeddable":true,"href":"https:\/\/enapol.com\/xpt\/wp-json\/wp\/v2\/pages\/8"}],"wp:attachment":[{"href":"https:\/\/enapol.com\/xpt\/wp-json\/wp\/v2\/media?parent=18"}],"curies":[{"name":"wp","href":"https:\/\/api.w.org\/{rel}","templated":true}]}}